{"id":237493,"date":"2023-02-22T19:01:19","date_gmt":"2023-02-23T00:01:19","guid":{"rendered":"https:\/\/internationalbrokers.com.co\/?page_id=237493"},"modified":"2024-12-24T12:39:22","modified_gmt":"2024-12-24T17:39:22","slug":"nosotros","status":"publish","type":"page","link":"https:\/\/internationalbrokers.com.co\/es\/nosotros\/","title":{"rendered":"Nosotros"},"content":{"rendered":"<p>[et_pb_section fb_built=\u00bb1&#8243; fullwidth=\u00bbon\u00bb admin_label=\u00bbHero Section\u00bb _builder_version=\u00bb4.16&#8243; global_colors_info=\u00bb{}\u00bb][et_pb_fullwidth_header title=\u00bbAcerca de\u00bb subhead=\u00bbNOSOTROS\u00bb background_overlay_color=\u00bbrgba(0,0,0,0.8)\u00bb content_max_width=\u00bb550px\u00bb _builder_version=\u00bb4.20.4&#8243; title_font=\u00bbPoppins|700||on|||||\u00bb title_text_color=\u00bb#edbb5f\u00bb title_font_size=\u00bb14px\u00bb title_letter_spacing=\u00bb2px\u00bb title_line_height=\u00bb1.4em\u00bb content_font=\u00bbPoppins||||||||\u00bb content_font_size=\u00bb16px\u00bb content_letter_spacing=\u00bb1px\u00bb content_line_height=\u00bb2em\u00bb subhead_font=\u00bbPlayfair Display|700||on|||||\u00bb subhead_font_size=\u00bb48px\u00bb subhead_letter_spacing=\u00bb3px\u00bb subhead_line_height=\u00bb1.4em\u00bb background_color=\u00bbrgba(255, 255, 255, 0)\u00bb background_image=\u00bbhttp:\/\/internationalbrokers.com.co\/wp-content\/uploads\/2023\/02\/consultant-11.jpg\u00bb parallax=\u00bbon\u00bb parallax_method=\u00bbon\u00bb background_video_mp4=\u00bbhttp:\/\/internationalbrokers.com.co\/wp-content\/uploads\/2023\/02\/ibrokers-background-video-02_desktop.mp4&#8243; custom_button_one=\u00bbon\u00bb button_one_border_width=\u00bb1px\u00bb button_one_border_color=\u00bbrgba(255,255,255,0.3)\u00bb button_one_border_radius=\u00bb0px\u00bb button_one_letter_spacing=\u00bb1px\u00bb button_one_font=\u00bbSaira Extra Condensed|600||on|||||\u00bb button_one_icon=\u00bb&#x24;||divi||400&#8243; button_one_icon_color=\u00bb#edbb5f\u00bb custom_button_two=\u00bbon\u00bb button_two_border_width=\u00bb1px\u00bb button_two_border_color=\u00bbrgba(255,255,255,0.3)\u00bb button_two_border_radius=\u00bb0px\u00bb button_two_letter_spacing=\u00bb1px\u00bb button_two_font=\u00bbSaira Extra Condensed|600||on|||||\u00bb button_two_icon=\u00bb&#x24;||divi||400&#8243; button_two_icon_color=\u00bb#edbb5f\u00bb module_alignment=\u00bbright\u00bb custom_margin=\u00bb|||\u00bb custom_padding=\u00bb8%||260px|\u00bb custom_padding_tablet=\u00bb8%||130px||false|false\u00bb custom_padding_phone=\u00bb90px||80px||false|false\u00bb custom_padding_last_edited=\u00bbon|phone\u00bb subhead_font_size_tablet=\u00bb48px\u00bb subhead_font_size_phone=\u00bb30px\u00bb subhead_font_size_last_edited=\u00bbon|phone\u00bb background_last_edited=\u00bbon|phone\u00bb background_video_mp4_phone=\u00bbhttp:\/\/internationalbrokers.com.co\/wp-content\/uploads\/2023\/02\/ibrokers-background-video-02_mobile.mp4&#8243; background_enable_video_mp4_phone=\u00bbon\u00bb button_one_text_color_hover=\u00bb#edbb5f\u00bb button_two_text_color_hover=\u00bb#edbb5f\u00bb button_one_bg_color_hover=\u00bbrgba(0,0,0,0)\u00bb button_two_bg_color_hover=\u00bbrgba(0,0,0,0)\u00bb global_colors_info=\u00bb{}\u00bb button_one_text_size__hover_enabled=\u00bboff\u00bb button_two_text_size__hover_enabled=\u00bboff\u00bb button_one_text_color__hover_enabled=\u00bbon\u00bb button_one_text_color__hover=\u00bb#edbb5f\u00bb button_two_text_color__hover_enabled=\u00bbon\u00bb button_two_text_color__hover=\u00bb#edbb5f\u00bb button_one_border_width__hover_enabled=\u00bboff\u00bb button_two_border_width__hover_enabled=\u00bboff\u00bb button_one_border_color__hover_enabled=\u00bboff\u00bb button_two_border_color__hover_enabled=\u00bboff\u00bb button_one_border_radius__hover_enabled=\u00bboff\u00bb button_two_border_radius__hover_enabled=\u00bboff\u00bb button_one_letter_spacing__hover_enabled=\u00bboff\u00bb button_two_letter_spacing__hover_enabled=\u00bboff\u00bb button_one_bg_color__hover_enabled=\u00bbon\u00bb button_one_bg_color__hover=\u00bbrgba(0,0,0,0)\u00bb button_two_bg_color__hover_enabled=\u00bbon\u00bb button_two_bg_color__hover=\u00bbrgba(0,0,0,0)\u00bb]<\/p>\n<p>&nbsp;<\/p>\n<p>En SKYLINE Colombia, somos un equipo de profesionales con experiencia dedicados a prestar servicios inmobiliarios de la m\u00e1s alta calidad. Con un enfoque en la atenci\u00f3n personalizada y la orientaci\u00f3n de expertos, estamos comprometidos a ayudar a nuestros clientes a lograr sus objetivos \u00fanicos en el mercado inmobiliario din\u00e1mico y en constante cambio.<\/p>\n<p>[\/et_pb_fullwidth_header][\/et_pb_section][et_pb_section fb_built=\u00bb1&#8243; admin_label=\u00bbStatistics\u00bb _builder_version=\u00bb4.16&#8243; global_colors_info=\u00bb{}\u00bb][et_pb_row column_structure=\u00bb1_2,1_4,1_4&#8243; _builder_version=\u00bb4.20.0&#8243; global_colors_info=\u00bb{}\u00bb][et_pb_column type=\u00bb1_2&#8243; _builder_version=\u00bb4.16&#8243; custom_padding=\u00bb|||\u00bb global_colors_info=\u00bb{}\u00bb custom_padding__hover=\u00bb|||\u00bb][et_pb_text _builder_version=\u00bb4.16&#8243; text_font=\u00bb||||||||\u00bb header_font=\u00bb||||||||\u00bb header_2_font=\u00bbPlayfair Display|700|||||||\u00bb header_2_font_size=\u00bb38px\u00bb header_2_letter_spacing=\u00bb1px\u00bb header_2_line_height=\u00bb1.4em\u00bb header_3_font=\u00bbPoppins|700||on|||||\u00bb header_3_text_color=\u00bb#edbb5f\u00bb header_3_font_size=\u00bb14px\u00bb header_3_letter_spacing=\u00bb1px\u00bb header_3_line_height=\u00bb2em\u00bb max_width=\u00bb550px\u00bb locked=\u00bboff\u00bb global_colors_info=\u00bb{}\u00bb]<\/p>\n<h3>\u00c9xito comprobado<\/h3>\n<h2>Los n\u00fameros no mienten<\/h2>\n<p>[\/et_pb_text][et_pb_divider color=\u00bb#edbb5f\u00bb divider_weight=\u00bb2px\u00bb _builder_version=\u00bb4.16&#8243; max_width=\u00bb60px\u00bb module_alignment=\u00bbleft\u00bb height=\u00bb2px\u00bb locked=\u00bboff\u00bb global_colors_info=\u00bb{}\u00bb][\/et_pb_divider][et_pb_text _builder_version=\u00bb4.20.2&#8243; text_font=\u00bbPoppins||||||||\u00bb text_font_size=\u00bb16px\u00bb text_letter_spacing=\u00bb1px\u00bb text_line_height=\u00bb2em\u00bb max_width=\u00bb550px\u00bb locked=\u00bboff\u00bb global_colors_info=\u00bb{}\u00bb]<\/p>\n<p><span style=\"font-weight: 400;\">Arcesio particip\u00f3 en varias operaciones de arrendamiento y venta durante su carrera como corredor junior y luego como corredor senior en la Unidad de Servicios Corporativos de RV Inmobiliaria SA. Solo las transacciones de arrendamiento de oficinas involucraron m\u00e1s de 24.0000 m2 (258.000 ft2) de espacio arrendado en general, con acuerdos que van desde 200 m2 hasta 10.000 m2 con arrendatarios en los siguientes sectores: Gobierno, Contact Centers, BPO, Software, Miner\u00eda, Salud, Fintech, Industria Alimentaria, Petr\u00f3leo y Gas, y Telecomunicaciones. Del lado de los Propietarios: HNWs, Fondos de Capital Privado Inmobiliario, Fondos Familiares, Empresas Constructoras, entre otras empresas y personas f\u00edsicas propietarias de inmuebles.<\/span><\/p>\n<p>&nbsp;<\/p>\n<p>&nbsp;<\/p>\n<p>[\/et_pb_text][\/et_pb_column][et_pb_column type=\u00bb1_4&#8243; _builder_version=\u00bb4.16&#8243; custom_padding=\u00bb|||\u00bb global_colors_info=\u00bb{}\u00bb custom_padding__hover=\u00bb|||\u00bb][et_pb_blurb title=\u00bb+24.0000 m2&#8243; use_icon=\u00bbon\u00bb font_icon=\u00bb&#xe0ef;||divi||400&#8243; icon_color=\u00bb#edbb5f\u00bb image_icon_width=\u00bb116px\u00bb _builder_version=\u00bb4.20.0&#8243; _module_preset=\u00bbdefault\u00bb header_font=\u00bbPoppins|700|||||||\u00bb body_font_size=\u00bb16px\u00bb text_orientation=\u00bbcenter\u00bb global_colors_info=\u00bb{}\u00bb]<\/p>\n<p>De espacios arrendados en general<\/p>\n<p>[\/et_pb_blurb][\/et_pb_column][et_pb_column type=\u00bb1_4&#8243; _builder_version=\u00bb4.16&#8243; custom_padding=\u00bb30px|||\u00bb global_colors_info=\u00bb{}\u00bb custom_padding__hover=\u00bb|||\u00bb][et_pb_blurb title=\u00bbHasta 10.000 m2&#8243; use_icon=\u00bbon\u00bb font_icon=\u00bb&#xf4d9;||fa||900&#8243; icon_color=\u00bb#edbb5f\u00bb image_icon_width=\u00bb76px\u00bb _builder_version=\u00bb4.20.0&#8243; _module_preset=\u00bbdefault\u00bb header_font=\u00bbPoppins|700|||||||\u00bb body_font_size=\u00bb16px\u00bb text_orientation=\u00bbcenter\u00bb locked=\u00bboff\u00bb global_colors_info=\u00bb{}\u00bb]<\/p>\n<p>Con ofertas que van desde los 200 m2<\/p>\n<p>[\/et_pb_blurb][\/et_pb_column][\/et_pb_row][\/et_pb_section][et_pb_section fb_built=\u00bb1&#8243; disabled_on=\u00bbon|on|on\u00bb admin_label=\u00bbTeam\u00bb _builder_version=\u00bb4.20.2&#8243; background_color=\u00bb#282828&#8243; custom_padding=\u00bb100px|0px|99px|0px\u00bb global_colors_info=\u00bb{}\u00bb][et_pb_row _builder_version=\u00bb4.16&#8243; custom_padding=\u00bb27px|0px|27px|0px\u00bb global_colors_info=\u00bb{}\u00bb][et_pb_column type=\u00bb4_4&#8243; _builder_version=\u00bb4.16&#8243; custom_padding=\u00bb|||\u00bb global_colors_info=\u00bb{}\u00bb custom_padding__hover=\u00bb|||\u00bb][et_pb_text _builder_version=\u00bb4.16&#8243; text_font=\u00bb||||||||\u00bb header_font=\u00bb||||||||\u00bb header_2_font=\u00bbPlayfair Display|700|||||||\u00bb header_2_font_size=\u00bb38px\u00bb header_2_letter_spacing=\u00bb1px\u00bb header_2_line_height=\u00bb1.4em\u00bb header_3_font=\u00bbPoppins|700||on|||||\u00bb header_3_text_color=\u00bb#edbb5f\u00bb header_3_font_size=\u00bb14px\u00bb header_3_letter_spacing=\u00bb1px\u00bb header_3_line_height=\u00bb2em\u00bb text_orientation=\u00bbcenter\u00bb background_layout=\u00bbdark\u00bb max_width=\u00bb7000px\u00bb locked=\u00bboff\u00bb global_colors_info=\u00bb{}\u00bb]<\/p>\n<h3>Consultores<\/h3>\n<h2>Un equipo de profesionales<\/h2>\n<p>[\/et_pb_text][et_pb_divider color=\u00bb#edbb5f\u00bb divider_weight=\u00bb2px\u00bb _builder_version=\u00bb4.16&#8243; max_width=\u00bb60px\u00bb module_alignment=\u00bbcenter\u00bb height=\u00bb2px\u00bb locked=\u00bboff\u00bb global_colors_info=\u00bb{}\u00bb][\/et_pb_divider][\/et_pb_column][\/et_pb_row][et_pb_row column_structure=\u00bb1_4,1_4,1_4,1_4&#8243; _builder_version=\u00bb4.16&#8243; custom_margin=\u00bb|||\u00bb custom_padding=\u00bb|||\u00bb custom_width_px=\u00bb1440px\u00bb global_colors_info=\u00bb{}\u00bb][et_pb_column type=\u00bb1_4&#8243; _builder_version=\u00bb4.16&#8243; custom_padding=\u00bb|||\u00bb global_colors_info=\u00bb{}\u00bb custom_padding__hover=\u00bb|||\u00bb][et_pb_image src=\u00bbhttp:\/\/internationalbrokers.com.co\/wp-content\/uploads\/2023\/02\/portrait-2.jpg\u00bb align_tablet=\u00bbcenter\u00bb align_phone=\u00bb\u00bb align_last_edited=\u00bbon|desktop\u00bb _builder_version=\u00bb4.16&#8243; global_colors_info=\u00bb{}\u00bb][\/et_pb_image][\/et_pb_column][et_pb_column type=\u00bb1_4&#8243; _builder_version=\u00bb4.16&#8243; custom_padding=\u00bb|||\u00bb global_colors_info=\u00bb{}\u00bb custom_padding__hover=\u00bb|||\u00bb][et_pb_team_member name=\u00bbArcesio Perdomo\u00bb position=\u00bbCEO\u00bb facebook_url=\u00bb#\u00bb twitter_url=\u00bb#\u00bb linkedin_url=\u00bb#\u00bb _builder_version=\u00bb4.16&#8243; header_font=\u00bbPoppins|700||on|||||\u00bb header_text_color=\u00bb#edbb5f\u00bb header_font_size=\u00bb14px\u00bb header_letter_spacing=\u00bb1px\u00bb body_font=\u00bbPoppins||||||||\u00bb body_font_size=\u00bb16px\u00bb body_line_height=\u00bb1.8em\u00bb text_orientation=\u00bbleft\u00bb background_layout=\u00bbdark\u00bb custom_margin=\u00bb40px|||\u00bb icon_hover_color=\u00bb#edbb5f\u00bb global_colors_info=\u00bb{}\u00bb icon_color__hover=\u00bb#edbb5f\u00bb icon_color__hover_enabled=\u00bbon\u00bb]<\/p>\n<p>Involucrado con bienes ra\u00edces y bienes ra\u00edces comerciales por m\u00e1s de 10 a\u00f1os<\/p>\n<p>[\/et_pb_team_member][\/et_pb_column][et_pb_column type=\u00bb1_4&#8243; _builder_version=\u00bb4.16&#8243; custom_padding=\u00bb|||\u00bb global_colors_info=\u00bb{}\u00bb custom_padding__hover=\u00bb|||\u00bb][et_pb_image src=\u00bbhttp:\/\/internationalbrokers.com.co\/wp-content\/uploads\/2023\/02\/portrait-3.jpg\u00bb align_tablet=\u00bbcenter\u00bb align_phone=\u00bb\u00bb align_last_edited=\u00bbon|desktop\u00bb _builder_version=\u00bb4.16&#8243; global_colors_info=\u00bb{}\u00bb][\/et_pb_image][\/et_pb_column][et_pb_column type=\u00bb1_4&#8243; _builder_version=\u00bb4.16&#8243; custom_padding=\u00bb|||\u00bb global_colors_info=\u00bb{}\u00bb custom_padding__hover=\u00bb|||\u00bb][et_pb_team_member name=\u00bbJane Smith\u00bb position=\u00bbCOO\u00bb facebook_url=\u00bb#\u00bb twitter_url=\u00bb#\u00bb linkedin_url=\u00bb#\u00bb _builder_version=\u00bb4.16&#8243; header_font=\u00bbPoppins|700||on|||||\u00bb header_text_color=\u00bb#edbb5f\u00bb header_font_size=\u00bb14px\u00bb header_letter_spacing=\u00bb1px\u00bb body_font=\u00bbPoppins||||||||\u00bb body_font_size=\u00bb16px\u00bb body_line_height=\u00bb1.8em\u00bb text_orientation=\u00bbleft\u00bb background_layout=\u00bbdark\u00bb custom_margin=\u00bb40px|||\u00bb icon_hover_color=\u00bb#edbb5f\u00bb locked=\u00bboff\u00bb global_colors_info=\u00bb{}\u00bb icon_color__hover=\u00bb#edbb5f\u00bb icon_color__hover_enabled=\u00bbon\u00bb]<\/p>\n<p>Involucrado con bienes ra\u00edces y bienes ra\u00edces comerciales por m\u00e1s de 10 a\u00f1os<\/p>\n<p>[\/et_pb_team_member][\/et_pb_column][\/et_pb_row][\/et_pb_section][et_pb_section fb_built=\u00bb1&#8243; admin_label=\u00bbVideo\u00bb _builder_version=\u00bb4.16&#8243; custom_padding=\u00bb100px|0px|100px|0px\u00bb global_colors_info=\u00bb{}\u00bb][et_pb_row _builder_version=\u00bb4.16&#8243; global_colors_info=\u00bb{}\u00bb][et_pb_column type=\u00bb4_4&#8243; _builder_version=\u00bb4.16&#8243; custom_padding=\u00bb|||\u00bb global_colors_info=\u00bb{}\u00bb custom_padding__hover=\u00bb|||\u00bb][et_pb_video src=\u00bbhttp:\/\/internationalbrokers.com.co\/wp-content\/uploads\/2023\/02\/ibrokers-background-video-02_desktop.mp4&#8243; play_icon_color=\u00bb#edbb5f\u00bb _builder_version=\u00bb4.20.0&#8243; box_shadow_style=\u00bbpreset3&#8243; box_shadow_vertical=\u00bb15px\u00bb box_shadow_blur=\u00bb80px\u00bb box_shadow_color=\u00bbrgba(0,0,0,0.2)\u00bb global_colors_info=\u00bb{}\u00bb][\/et_pb_video][\/et_pb_column][\/et_pb_row][\/et_pb_section][et_pb_section fb_built=\u00bb1&#8243; disabled_on=\u00bbon|on|on\u00bb _builder_version=\u00bb4.21.0&#8243; _module_preset=\u00bbdefault\u00bb global_colors_info=\u00bb{}\u00bb][et_pb_row column_structure=\u00bb1_3,1_3,1_3&#8243; _builder_version=\u00bb4.20.2&#8243; _module_preset=\u00bbdefault\u00bb global_colors_info=\u00bb{}\u00bb][et_pb_column type=\u00bb1_3&#8243; _builder_version=\u00bb4.20.2&#8243; _module_preset=\u00bbdefault\u00bb global_colors_info=\u00bb{}\u00bb][et_pb_testimonial author=\u00bbJohn Smith\u00bb job_title=\u00bbCEO\u00bb company_name=\u00bbABC Corporation\u00bb quote_icon_background_color=\u00bbRGBA(255,255,255,0)\u00bb _builder_version=\u00bb4.20.2&#8243; _module_preset=\u00bbdefault\u00bb body_font=\u00bbPoppins||||||||\u00bb author_font=\u00bbPoppins|700|||||||\u00bb author_font_size=\u00bb16px\u00bb background_color=\u00bbRGBA(255,255,255,0)\u00bb custom_padding=\u00bb50px||||false|false\u00bb global_colors_info=\u00bb{}\u00bb]<\/p>\n<p><span>Era la primera vez que compraba una casa y me intimidaba el proceso de bienes ra\u00edces, pero SKYLINE hizo que todo fuera f\u00e1cil y directo. Su equipo fue paciente y respondi\u00f3 a todas mis preguntas, gui\u00e1ndome en cada paso del camino. \u00a1Ahora soy un propietario feliz, gracias a International Brokers!<\/span><\/p>\n<p>[\/et_pb_testimonial][\/et_pb_column][et_pb_column type=\u00bb1_3&#8243; _builder_version=\u00bb4.20.2&#8243; _module_preset=\u00bbdefault\u00bb global_colors_info=\u00bb{}\u00bb][et_pb_testimonial author=\u00bbSarah Johnson\u00bb job_title=\u00bbCFO\u00bb company_name=\u00bbXYZ Inc.\u00bb quote_icon_background_color=\u00bbRGBA(255,255,255,0)\u00bb _builder_version=\u00bb4.20.2&#8243; _module_preset=\u00bbdefault\u00bb body_font=\u00bbPoppins||||||||\u00bb author_font=\u00bbPoppins|700|||||||\u00bb author_font_size=\u00bb16px\u00bb background_color=\u00bbRGBA(255,255,255,0)\u00bb custom_margin=\u00bb50px||||false|false\u00bb custom_margin_tablet=\u00bb0px||||false|false\u00bb custom_margin_phone=\u00bb0px||||false|false\u00bb custom_margin_last_edited=\u00bbon|phone\u00bb custom_padding=\u00bb50px||||false|false\u00bb locked=\u00bboff\u00bb global_colors_info=\u00bb{}\u00bb]<\/p>\n<p><span>Como inversionista internacional, estaba buscando un socio inmobiliario que pudiera ayudarme a navegar por el mercado estadounidense. SKYLINE no solo ten\u00eda la experiencia y el conocimiento que estaba buscando, sino que tambi\u00e9n me brindaron un servicio al cliente excepcional. Los recomiendo encarecidamente a cualquiera que busque un socio inmobiliario de confianza.<\/span><\/p>\n<p>[\/et_pb_testimonial][\/et_pb_column][et_pb_column type=\u00bb1_3&#8243; _builder_version=\u00bb4.20.2&#8243; _module_preset=\u00bbdefault\u00bb global_colors_info=\u00bb{}\u00bb][et_pb_testimonial author=\u00bbDavid Lee\u00bb job_title=\u00bbPresident\u00bb company_name=\u00bb123 Industries Inc.\u00bb quote_icon_background_color=\u00bbRGBA(255,255,255,0)\u00bb _builder_version=\u00bb4.20.2&#8243; _module_preset=\u00bbdefault\u00bb body_font=\u00bbPoppins||||||||\u00bb author_font=\u00bbPoppins|700|||||||\u00bb author_font_size=\u00bb16px\u00bb background_color=\u00bbRGBA(255,255,255,0)\u00bb custom_padding=\u00bb50px||||false|false\u00bb locked=\u00bboff\u00bb global_colors_info=\u00bb{}\u00bb]<\/p>\n<p><span>Tuve una gran experiencia vendiendo mi propiedad con SKYLINE. Fueron profesionales, conocedores y brindaron un excelente apoyo de marketing. Pudieron vender mi propiedad r\u00e1pidamente y a un precio excelente. Definitivamente usar\u00eda sus servicios nuevamente en el futuro.<\/span><\/p>\n<p>[\/et_pb_testimonial][\/et_pb_column][\/et_pb_row][\/et_pb_section]<\/p>\n","protected":false},"excerpt":{"rendered":"<p>&nbsp; En SKYLINE Colombia, somos un equipo de profesionales con experiencia dedicados a prestar servicios inmobiliarios de la m\u00e1s alta calidad. Con un enfoque en la atenci\u00f3n personalizada y la orientaci\u00f3n de expertos, estamos comprometidos a ayudar a nuestros clientes a lograr sus objetivos \u00fanicos en el mercado inmobiliario din\u00e1mico y en constante cambio.\u00c9xito comprobado [&hellip;]<\/p>\n","protected":false},"author":6,"featured_media":0,"parent":0,"menu_order":0,"comment_status":"closed","ping_status":"closed","template":"","meta":{"_et_pb_use_builder":"on","_et_pb_old_content":"","_et_gb_content_width":"","footnotes":""},"class_list":["post-237493","page","type-page","status-publish","hentry"],"yoast_head":"<!-- This site is optimized with the Yoast SEO plugin v24.2 - https:\/\/yoast.com\/wordpress\/plugins\/seo\/ -->\n<title>Nosotros - SKYLINE Colombia<\/title>\n<meta name=\"robots\" content=\"index, follow, max-snippet:-1, max-image-preview:large, max-video-preview:-1\" \/>\n<link rel=\"canonical\" href=\"https:\/\/internationalbrokers.com.co\/about\/\" \/>\n<meta property=\"og:locale\" content=\"es_ES\" \/>\n<meta property=\"og:type\" content=\"article\" \/>\n<meta property=\"og:title\" content=\"Nosotros - SKYLINE Colombia\" \/>\n<meta property=\"og:description\" content=\"&nbsp; En SKYLINE Colombia, somos un equipo de profesionales con experiencia dedicados a prestar servicios inmobiliarios de la m\u00e1s alta calidad. Con un enfoque en la atenci\u00f3n personalizada y la orientaci\u00f3n de expertos, estamos comprometidos a ayudar a nuestros clientes a lograr sus objetivos \u00fanicos en el mercado inmobiliario din\u00e1mico y en constante cambio.\u00c9xito comprobado [&hellip;]\" \/>\n<meta property=\"og:url\" content=\"https:\/\/internationalbrokers.com.co\/about\/\" \/>\n<meta property=\"og:site_name\" content=\"SKYLINE Colombia\" \/>\n<meta property=\"article:modified_time\" content=\"2024-12-24T17:39:22+00:00\" \/>\n<meta name=\"twitter:card\" content=\"summary_large_image\" \/>\n<meta name=\"twitter:label1\" content=\"Tiempo de lectura\" \/>\n\t<meta name=\"twitter:data1\" content=\"9 minutos\" \/>\n<script type=\"application\/ld+json\" class=\"yoast-schema-graph\">{\"@context\":\"https:\/\/schema.org\",\"@graph\":[{\"@type\":\"WebPage\",\"@id\":\"https:\/\/internationalbrokers.com.co\/about\/\",\"url\":\"https:\/\/internationalbrokers.com.co\/about\/\",\"name\":\"Nosotros - SKYLINE Colombia\",\"isPartOf\":{\"@id\":\"https:\/\/internationalbrokers.com.co\/#website\"},\"datePublished\":\"2023-02-23T00:01:19+00:00\",\"dateModified\":\"2024-12-24T17:39:22+00:00\",\"breadcrumb\":{\"@id\":\"https:\/\/internationalbrokers.com.co\/about\/#breadcrumb\"},\"inLanguage\":\"es\",\"potentialAction\":[{\"@type\":\"ReadAction\",\"target\":[\"https:\/\/internationalbrokers.com.co\/about\/\"]}]},{\"@type\":\"BreadcrumbList\",\"@id\":\"https:\/\/internationalbrokers.com.co\/about\/#breadcrumb\",\"itemListElement\":[{\"@type\":\"ListItem\",\"position\":1,\"name\":\"Home\",\"item\":\"https:\/\/internationalbrokers.com.co\/\"},{\"@type\":\"ListItem\",\"position\":2,\"name\":\"Nosotros\"}]},{\"@type\":\"WebSite\",\"@id\":\"https:\/\/internationalbrokers.com.co\/#website\",\"url\":\"https:\/\/internationalbrokers.com.co\/\",\"name\":\"SKYLINE Colombia\",\"description\":\"Commercial Real Estate\",\"publisher\":{\"@id\":\"https:\/\/internationalbrokers.com.co\/#organization\"},\"potentialAction\":[{\"@type\":\"SearchAction\",\"target\":{\"@type\":\"EntryPoint\",\"urlTemplate\":\"https:\/\/internationalbrokers.com.co\/?s={search_term_string}\"},\"query-input\":{\"@type\":\"PropertyValueSpecification\",\"valueRequired\":true,\"valueName\":\"search_term_string\"}}],\"inLanguage\":\"es\"},{\"@type\":\"Organization\",\"@id\":\"https:\/\/internationalbrokers.com.co\/#organization\",\"name\":\"SKYLINE Colombia\",\"url\":\"https:\/\/internationalbrokers.com.co\/\",\"logo\":{\"@type\":\"ImageObject\",\"inLanguage\":\"es\",\"@id\":\"https:\/\/internationalbrokers.com.co\/#\/schema\/logo\/image\/\",\"url\":\"https:\/\/internationalbrokers.com.co\/wp-content\/uploads\/2023\/05\/ibc-logo.png\",\"contentUrl\":\"https:\/\/internationalbrokers.com.co\/wp-content\/uploads\/2023\/05\/ibc-logo.png\",\"width\":720,\"height\":235,\"caption\":\"SKYLINE Colombia\"},\"image\":{\"@id\":\"https:\/\/internationalbrokers.com.co\/#\/schema\/logo\/image\/\"}}]}<\/script>\n<!-- \/ Yoast SEO plugin. -->","yoast_head_json":{"title":"Nosotros - SKYLINE Colombia","robots":{"index":"index","follow":"follow","max-snippet":"max-snippet:-1","max-image-preview":"max-image-preview:large","max-video-preview":"max-video-preview:-1"},"canonical":"https:\/\/internationalbrokers.com.co\/about\/","og_locale":"es_ES","og_type":"article","og_title":"Nosotros - SKYLINE Colombia","og_description":"&nbsp; En SKYLINE Colombia, somos un equipo de profesionales con experiencia dedicados a prestar servicios inmobiliarios de la m\u00e1s alta calidad. Con un enfoque en la atenci\u00f3n personalizada y la orientaci\u00f3n de expertos, estamos comprometidos a ayudar a nuestros clientes a lograr sus objetivos \u00fanicos en el mercado inmobiliario din\u00e1mico y en constante cambio.\u00c9xito comprobado [&hellip;]","og_url":"https:\/\/internationalbrokers.com.co\/about\/","og_site_name":"SKYLINE Colombia","article_modified_time":"2024-12-24T17:39:22+00:00","twitter_card":"summary_large_image","twitter_misc":{"Tiempo de lectura":"9 minutos"},"schema":{"@context":"https:\/\/schema.org","@graph":[{"@type":"WebPage","@id":"https:\/\/internationalbrokers.com.co\/about\/","url":"https:\/\/internationalbrokers.com.co\/about\/","name":"Nosotros - SKYLINE Colombia","isPartOf":{"@id":"https:\/\/internationalbrokers.com.co\/#website"},"datePublished":"2023-02-23T00:01:19+00:00","dateModified":"2024-12-24T17:39:22+00:00","breadcrumb":{"@id":"https:\/\/internationalbrokers.com.co\/about\/#breadcrumb"},"inLanguage":"es","potentialAction":[{"@type":"ReadAction","target":["https:\/\/internationalbrokers.com.co\/about\/"]}]},{"@type":"BreadcrumbList","@id":"https:\/\/internationalbrokers.com.co\/about\/#breadcrumb","itemListElement":[{"@type":"ListItem","position":1,"name":"Home","item":"https:\/\/internationalbrokers.com.co\/"},{"@type":"ListItem","position":2,"name":"Nosotros"}]},{"@type":"WebSite","@id":"https:\/\/internationalbrokers.com.co\/#website","url":"https:\/\/internationalbrokers.com.co\/","name":"SKYLINE Colombia","description":"Commercial Real Estate","publisher":{"@id":"https:\/\/internationalbrokers.com.co\/#organization"},"potentialAction":[{"@type":"SearchAction","target":{"@type":"EntryPoint","urlTemplate":"https:\/\/internationalbrokers.com.co\/?s={search_term_string}"},"query-input":{"@type":"PropertyValueSpecification","valueRequired":true,"valueName":"search_term_string"}}],"inLanguage":"es"},{"@type":"Organization","@id":"https:\/\/internationalbrokers.com.co\/#organization","name":"SKYLINE Colombia","url":"https:\/\/internationalbrokers.com.co\/","logo":{"@type":"ImageObject","inLanguage":"es","@id":"https:\/\/internationalbrokers.com.co\/#\/schema\/logo\/image\/","url":"https:\/\/internationalbrokers.com.co\/wp-content\/uploads\/2023\/05\/ibc-logo.png","contentUrl":"https:\/\/internationalbrokers.com.co\/wp-content\/uploads\/2023\/05\/ibc-logo.png","width":720,"height":235,"caption":"SKYLINE Colombia"},"image":{"@id":"https:\/\/internationalbrokers.com.co\/#\/schema\/logo\/image\/"}}]}},"_links":{"self":[{"href":"https:\/\/internationalbrokers.com.co\/es\/wp-json\/wp\/v2\/pages\/237493","targetHints":{"allow":["GET"]}}],"collection":[{"href":"https:\/\/internationalbrokers.com.co\/es\/wp-json\/wp\/v2\/pages"}],"about":[{"href":"https:\/\/internationalbrokers.com.co\/es\/wp-json\/wp\/v2\/types\/page"}],"author":[{"embeddable":true,"href":"https:\/\/internationalbrokers.com.co\/es\/wp-json\/wp\/v2\/users\/6"}],"replies":[{"embeddable":true,"href":"https:\/\/internationalbrokers.com.co\/es\/wp-json\/wp\/v2\/comments?post=237493"}],"version-history":[{"count":18,"href":"https:\/\/internationalbrokers.com.co\/es\/wp-json\/wp\/v2\/pages\/237493\/revisions"}],"predecessor-version":[{"id":238907,"href":"https:\/\/internationalbrokers.com.co\/es\/wp-json\/wp\/v2\/pages\/237493\/revisions\/238907"}],"wp:attachment":[{"href":"https:\/\/internationalbrokers.com.co\/es\/wp-json\/wp\/v2\/media?parent=237493"}],"curies":[{"name":"wp","href":"https:\/\/api.w.org\/{rel}","templated":true}]}}